{"id":878,"date":"2026-01-08T13:20:27","date_gmt":"2026-01-08T12:20:27","guid":{"rendered":"https:\/\/neu.rathmann-logistik.de\/?page_id=878"},"modified":"2026-04-07T16:25:34","modified_gmt":"2026-04-07T14:25:34","slug":"impressum","status":"publish","type":"page","link":"https:\/\/www.rathmann-logistik.de\/en\/impressum\/","title":{"rendered":"Imprint"},"content":{"rendered":"\t\t<div data-elementor-type=\"wp-page\" data-elementor-id=\"878\" class=\"elementor elementor-878\" data-elementor-post-type=\"page\">\n\t\t\t\t<div class=\"elementor-element elementor-element-91c59be e-con-full e-flex e-con e-parent\" data-id=\"91c59be\" data-element_type=\"container\" data-e-type=\"container\">\n\t\t<div class=\"elementor-element elementor-element-fa8ed60 e-con-full e-flex e-con e-child\" data-id=\"fa8ed60\" data-element_type=\"container\" data-e-type=\"container\" data-settings=\"{&quot;background_background&quot;:&quot;slideshow&quot;,&quot;background_slideshow_gallery&quot;:[{&quot;id&quot;:1886,&quot;url&quot;:&quot;https:\\\/\\\/www.rathmann-logistik.de\\\/wp-content\\\/uploads\\\/2026\\\/04\\\/Rathmann-Logistik-Slider-2.jpg&quot;},{&quot;id&quot;:167,&quot;url&quot;:&quot;https:\\\/\\\/www.rathmann-logistik.de\\\/wp-content\\\/uploads\\\/2025\\\/11\\\/stapler-Rathmann-Logistik.jpg&quot;},{&quot;id&quot;:1885,&quot;url&quot;:&quot;https:\\\/\\\/www.rathmann-logistik.de\\\/wp-content\\\/uploads\\\/2026\\\/04\\\/Rathmann-Logistik-Slider-1.jpg&quot;},{&quot;id&quot;:166,&quot;url&quot;:&quot;https:\\\/\\\/www.rathmann-logistik.de\\\/wp-content\\\/uploads\\\/2025\\\/11\\\/NR7_8170-Rathmann-Logistik.jpg&quot;},{&quot;id&quot;:1887,&quot;url&quot;:&quot;https:\\\/\\\/www.rathmann-logistik.de\\\/wp-content\\\/uploads\\\/2026\\\/04\\\/Rathmann-Logistik-Slider-3.jpg&quot;},{&quot;id&quot;:168,&quot;url&quot;:&quot;https:\\\/\\\/www.rathmann-logistik.de\\\/wp-content\\\/uploads\\\/2025\\\/11\\\/Unternehmen-Rathmann-Logistik.jpg&quot;}],&quot;background_slideshow_loop&quot;:&quot;yes&quot;,&quot;background_slideshow_slide_duration&quot;:5000,&quot;background_slideshow_slide_transition&quot;:&quot;fade&quot;,&quot;background_slideshow_transition_duration&quot;:500}\">\n\t\t\t\t<\/div>\n\t\t\t\t<\/div>\n\t\t<div class=\"elementor-element elementor-element-39ea0f1 e-flex e-con-boxed e-con e-parent\" data-id=\"39ea0f1\" data-element_type=\"container\" data-e-type=\"container\" data-settings=\"{&quot;background_background&quot;:&quot;classic&quot;}\">\n\t\t\t\t\t<div class=\"e-con-inner\">\n\t\t<div class=\"elementor-element elementor-element-bc19a55 e-con-full e-flex e-con e-child\" data-id=\"bc19a55\" data-element_type=\"container\" data-e-type=\"container\">\n\t\t<div class=\"elementor-element elementor-element-75900fe e-con-full e-flex e-con e-child\" data-id=\"75900fe\" data-element_type=\"container\" data-e-type=\"container\" data-settings=\"{&quot;background_background&quot;:&quot;classic&quot;,&quot;animation&quot;:&quot;none&quot;}\">\n\t\t\t\t<\/div>\n\t\t\t\t<\/div>\n\t\t<div class=\"elementor-element elementor-element-6ec7952 e-con-full e-flex e-con e-child\" data-id=\"6ec7952\" data-element_type=\"container\" data-e-type=\"container\">\n\t\t\t\t<div class=\"elementor-element elementor-element-6292d1b elementor-invisible elementor-widget elementor-widget-heading\" data-id=\"6292d1b\" data-element_type=\"widget\" data-e-type=\"widget\" data-settings=\"{&quot;_animation_delay&quot;:100,&quot;_animation&quot;:&quot;fadeInUp&quot;}\" data-widget_type=\"heading.default\">\n\t\t\t\t\t<h1 class=\"elementor-heading-title elementor-size-default\">Impressum<\/h1>\t\t\t\t<\/div>\n\t\t\t\t<div class=\"elementor-element elementor-element-94b5f84 elementor-invisible elementor-widget elementor-widget-text-editor\" data-id=\"94b5f84\" data-element_type=\"widget\" data-e-type=\"widget\" data-settings=\"{&quot;_animation_delay&quot;:200,&quot;_animation&quot;:&quot;fadeInUp&quot;}\" data-widget_type=\"text-editor.default\">\n\t\t\t\t\t\t\t\t\t<h5>NIKOLAUS RATHMANN GmbH &amp; CO. KG<\/h5><p>Braaker Bogen 17-21<br \/>D-22145 Braak (Hamburg)<\/p><h5><br \/>Vertreten durch<\/h5><p>Dipl.-Kfm. (FH) Nils Rathmann<\/p><h5><br \/>Kontakt<\/h5><p>Telefon: 040 \/ 78 09 77-0<br \/>E-Mail: <a href=\"ma&#105;&#108;&#116;&#111;&#x3a;&#x69;&#x6e;&#x66;&#x6f;&#64;r&#97;&#116;&#104;&#109;&#x61;&#x6e;&#x6e;&#x2d;&#x6c;og&#105;&#115;&#116;&#105;&#x6b;&#x2e;&#x64;&#x65;\">&#105;&#x6e;&#102;&#x6f;&#64;&#114;&#x61;&#116;&#x68;m&#x61;n&#110;&#x2d;&#108;&#x6f;g&#x69;&#x73;&#116;&#x69;k&#x2e;d&#101;<\/a><\/p><h5><br \/>Registereintrag<\/h5><p>Eintragung im Handelsregister.<br \/>Registergericht: Amtsgericht L\u00fcbeck<br \/>Registernummer: HRA 8288 HL<\/p><h5><br \/>Umsatzsteuer<\/h5><p>Umsatzsteuer-Identifikationsnummer gem\u00e4\u00df \u00a727 a Umsatzsteuergesetz:<br \/>DE 193019738<\/p><h5><br \/>Streitschlichtung<\/h5><p>Die Europ\u00e4ische Kommission stellt eine Plattform zur Online-Streitbeilegung (OS) bereit:\u00a0<a href=\"https:\/\/ec.europa.eu\/consumers\/odr\" target=\"_blank\" rel=\"noopener\">https:\/\/ec.europa.eu\/consumers\/odr<\/a>.<br \/>Unsere E-Mail-Adresse finden Sie oben im Impressum.<\/p><p>Wir sind nicht bereit oder verpflichtet, an Streitbeilegungsverfahren vor einer Verbraucherschlichtungsstelle teilzunehmen.<\/p>\t\t\t\t\t\t\t\t<\/div>\n\t\t\t\t<\/div>\n\t\t\t\t\t<\/div>\n\t\t\t\t<\/div>\n\t\t\t\t<\/div>\n\t\t","protected":false},"excerpt":{"rendered":"<p>Impressum NIKOLAUS RATHMANN GmbH &amp; CO. KG Braaker Bogen 17-21D-22145 Braak (Hamburg) Vertreten durch Dipl.-Kfm. (FH) Nils Rathmann Kontakt Telefon: 040 \/ 78 09 77-0E-Mail: info&#64;rathmann-logistik&#46;d&#101; Registereintrag Eintragung im Handelsregister.Registergericht: Amtsgericht L\u00fcbeckRegisternummer: HRA 8288 HL Umsatzsteuer Umsatzsteuer-Identifikationsnummer gem\u00e4\u00df \u00a727 a Umsatzsteuergesetz:DE 193019738 Streitschlichtung Die Europ\u00e4ische Kommission stellt eine Plattform zur Online-Streitbeilegung (OS) bereit:\u00a0https:\/\/ec.europa.eu\/consumers\/odr.Unsere E-Mail-Adresse finden [&hellip;]<\/p>\n","protected":false},"author":1,"featured_media":0,"parent":0,"menu_order":0,"comment_status":"closed","ping_status":"closed","template":"","meta":{"footnotes":""},"class_list":["post-878","page","type-page","status-publish","hentry"],"yoast_head":"<!-- This site is optimized with the Yoast SEO plugin v27.4 - https:\/\/yoast.com\/product\/yoast-seo-wordpress\/ -->\n<title>Impressum - Rathmann Logistik<\/title>\n<meta name=\"robots\" content=\"index, follow, max-snippet:-1, max-image-preview:large, max-video-preview:-1\" \/>\n<link rel=\"canonical\" href=\"https:\/\/www.rathmann-logistik.de\/en\/impressum\/\" \/>\n<meta property=\"og:locale\" content=\"en_GB\" \/>\n<meta property=\"og:type\" content=\"article\" \/>\n<meta property=\"og:title\" content=\"Impressum - Rathmann Logistik\" \/>\n<meta property=\"og:description\" content=\"Impressum NIKOLAUS RATHMANN GmbH &amp; CO. KG Braaker Bogen 17-21D-22145 Braak (Hamburg) Vertreten durch Dipl.-Kfm. (FH) Nils Rathmann Kontakt Telefon: 040 \/ 78 09 77-0E-Mail: &#105;&#x6e;&#102;&#x6f;&#064;&#x72;a&#x74;h&#109;&#x61;&#110;&#x6e;&#045;&#x6c;o&#x67;i&#115;&#x74;&#105;&#x6b;&#046;&#x64;&#101; Registereintrag Eintragung im Handelsregister.Registergericht: Amtsgericht L\u00fcbeckRegisternummer: HRA 8288 HL Umsatzsteuer Umsatzsteuer-Identifikationsnummer gem\u00e4\u00df \u00a727 a Umsatzsteuergesetz:DE 193019738 Streitschlichtung Die Europ\u00e4ische Kommission stellt eine Plattform zur Online-Streitbeilegung (OS) bereit:\u00a0https:\/\/ec.europa.eu\/consumers\/odr.Unsere E-Mail-Adresse finden [&hellip;]\" \/>\n<meta property=\"og:url\" content=\"https:\/\/www.rathmann-logistik.de\/en\/impressum\/\" \/>\n<meta property=\"og:site_name\" content=\"Rathmann Logistik\" \/>\n<meta property=\"article:modified_time\" content=\"2026-04-07T14:25:34+00:00\" \/>\n<meta name=\"twitter:card\" content=\"summary_large_image\" \/>\n<script type=\"application\/ld+json\" class=\"yoast-schema-graph\">{\"@context\":\"https:\\\/\\\/schema.org\",\"@graph\":[{\"@type\":\"WebPage\",\"@id\":\"https:\\\/\\\/www.rathmann-logistik.de\\\/impressum\\\/\",\"url\":\"https:\\\/\\\/www.rathmann-logistik.de\\\/impressum\\\/\",\"name\":\"Impressum - Rathmann Logistik\",\"isPartOf\":{\"@id\":\"https:\\\/\\\/www.rathmann-logistik.de\\\/#website\"},\"datePublished\":\"2026-01-08T12:20:27+00:00\",\"dateModified\":\"2026-04-07T14:25:34+00:00\",\"breadcrumb\":{\"@id\":\"https:\\\/\\\/www.rathmann-logistik.de\\\/impressum\\\/#breadcrumb\"},\"inLanguage\":\"en-GB\",\"potentialAction\":[{\"@type\":\"ReadAction\",\"target\":[\"https:\\\/\\\/www.rathmann-logistik.de\\\/impressum\\\/\"]}]},{\"@type\":\"BreadcrumbList\",\"@id\":\"https:\\\/\\\/www.rathmann-logistik.de\\\/impressum\\\/#breadcrumb\",\"itemListElement\":[{\"@type\":\"ListItem\",\"position\":1,\"name\":\"Start\",\"item\":\"https:\\\/\\\/www.rathmann-logistik.de\\\/\"},{\"@type\":\"ListItem\",\"position\":2,\"name\":\"Impressum\"}]},{\"@type\":\"WebSite\",\"@id\":\"https:\\\/\\\/www.rathmann-logistik.de\\\/#website\",\"url\":\"https:\\\/\\\/www.rathmann-logistik.de\\\/\",\"name\":\"Rathmann Logistik\",\"description\":\"\",\"publisher\":{\"@id\":\"https:\\\/\\\/www.rathmann-logistik.de\\\/#organization\"},\"potentialAction\":[{\"@type\":\"SearchAction\",\"target\":{\"@type\":\"EntryPoint\",\"urlTemplate\":\"https:\\\/\\\/www.rathmann-logistik.de\\\/?s={search_term_string}\"},\"query-input\":{\"@type\":\"PropertyValueSpecification\",\"valueRequired\":true,\"valueName\":\"search_term_string\"}}],\"inLanguage\":\"en-GB\"},{\"@type\":\"Organization\",\"@id\":\"https:\\\/\\\/www.rathmann-logistik.de\\\/#organization\",\"name\":\"Rathmann Logistik\",\"url\":\"https:\\\/\\\/www.rathmann-logistik.de\\\/\",\"logo\":{\"@type\":\"ImageObject\",\"inLanguage\":\"en-GB\",\"@id\":\"https:\\\/\\\/www.rathmann-logistik.de\\\/#\\\/schema\\\/logo\\\/image\\\/\",\"url\":\"https:\\\/\\\/www.rathmann-logistik.de\\\/wp-content\\\/uploads\\\/2025\\\/12\\\/logo.png\",\"contentUrl\":\"https:\\\/\\\/www.rathmann-logistik.de\\\/wp-content\\\/uploads\\\/2025\\\/12\\\/logo.png\",\"width\":388,\"height\":185,\"caption\":\"Rathmann Logistik\"},\"image\":{\"@id\":\"https:\\\/\\\/www.rathmann-logistik.de\\\/#\\\/schema\\\/logo\\\/image\\\/\"}}]}<\/script>\n<!-- \/ Yoast SEO plugin. -->","yoast_head_json":{"title":"Impressum - Rathmann Logistik","robots":{"index":"index","follow":"follow","max-snippet":"max-snippet:-1","max-image-preview":"max-image-preview:large","max-video-preview":"max-video-preview:-1"},"canonical":"https:\/\/www.rathmann-logistik.de\/en\/impressum\/","og_locale":"en_GB","og_type":"article","og_title":"Impressum - Rathmann Logistik","og_description":"Impressum NIKOLAUS RATHMANN GmbH &amp; CO. KG Braaker Bogen 17-21D-22145 Braak (Hamburg) Vertreten durch Dipl.-Kfm. (FH) Nils Rathmann Kontakt Telefon: 040 \/ 78 09 77-0E-Mail: &#105;&#x6e;&#102;&#x6f;&#64;&#x72;a&#x74;h&#109;&#x61;&#110;&#x6e;&#45;&#x6c;o&#x67;i&#115;&#x74;&#105;&#x6b;&#46;&#x64;&#101; Registereintrag Eintragung im Handelsregister.Registergericht: Amtsgericht L\u00fcbeckRegisternummer: HRA 8288 HL Umsatzsteuer Umsatzsteuer-Identifikationsnummer gem\u00e4\u00df \u00a727 a Umsatzsteuergesetz:DE 193019738 Streitschlichtung Die Europ\u00e4ische Kommission stellt eine Plattform zur Online-Streitbeilegung (OS) bereit:\u00a0https:\/\/ec.europa.eu\/consumers\/odr.Unsere E-Mail-Adresse finden [&hellip;]","og_url":"https:\/\/www.rathmann-logistik.de\/en\/impressum\/","og_site_name":"Rathmann Logistik","article_modified_time":"2026-04-07T14:25:34+00:00","twitter_card":"summary_large_image","schema":{"@context":"https:\/\/schema.org","@graph":[{"@type":"WebPage","@id":"https:\/\/www.rathmann-logistik.de\/impressum\/","url":"https:\/\/www.rathmann-logistik.de\/impressum\/","name":"Impressum - Rathmann Logistik","isPartOf":{"@id":"https:\/\/www.rathmann-logistik.de\/#website"},"datePublished":"2026-01-08T12:20:27+00:00","dateModified":"2026-04-07T14:25:34+00:00","breadcrumb":{"@id":"https:\/\/www.rathmann-logistik.de\/impressum\/#breadcrumb"},"inLanguage":"en-GB","potentialAction":[{"@type":"ReadAction","target":["https:\/\/www.rathmann-logistik.de\/impressum\/"]}]},{"@type":"BreadcrumbList","@id":"https:\/\/www.rathmann-logistik.de\/impressum\/#breadcrumb","itemListElement":[{"@type":"ListItem","position":1,"name":"Start","item":"https:\/\/www.rathmann-logistik.de\/"},{"@type":"ListItem","position":2,"name":"Impressum"}]},{"@type":"WebSite","@id":"https:\/\/www.rathmann-logistik.de\/#website","url":"https:\/\/www.rathmann-logistik.de\/","name":"Rathmann Logistics","description":"","publisher":{"@id":"https:\/\/www.rathmann-logistik.de\/#organization"},"potentialAction":[{"@type":"SearchAction","target":{"@type":"EntryPoint","urlTemplate":"https:\/\/www.rathmann-logistik.de\/?s={search_term_string}"},"query-input":{"@type":"PropertyValueSpecification","valueRequired":true,"valueName":"search_term_string"}}],"inLanguage":"en-GB"},{"@type":"Organization","@id":"https:\/\/www.rathmann-logistik.de\/#organization","name":"Rathmann Logistics","url":"https:\/\/www.rathmann-logistik.de\/","logo":{"@type":"ImageObject","inLanguage":"en-GB","@id":"https:\/\/www.rathmann-logistik.de\/#\/schema\/logo\/image\/","url":"https:\/\/www.rathmann-logistik.de\/wp-content\/uploads\/2025\/12\/logo.png","contentUrl":"https:\/\/www.rathmann-logistik.de\/wp-content\/uploads\/2025\/12\/logo.png","width":388,"height":185,"caption":"Rathmann Logistik"},"image":{"@id":"https:\/\/www.rathmann-logistik.de\/#\/schema\/logo\/image\/"}}]}},"_links":{"self":[{"href":"https:\/\/www.rathmann-logistik.de\/en\/wp-json\/wp\/v2\/pages\/878","targetHints":{"allow":["GET"]}}],"collection":[{"href":"https:\/\/www.rathmann-logistik.de\/en\/wp-json\/wp\/v2\/pages"}],"about":[{"href":"https:\/\/www.rathmann-logistik.de\/en\/wp-json\/wp\/v2\/types\/page"}],"author":[{"embeddable":true,"href":"https:\/\/www.rathmann-logistik.de\/en\/wp-json\/wp\/v2\/users\/1"}],"replies":[{"embeddable":true,"href":"https:\/\/www.rathmann-logistik.de\/en\/wp-json\/wp\/v2\/comments?post=878"}],"version-history":[{"count":0,"href":"https:\/\/www.rathmann-logistik.de\/en\/wp-json\/wp\/v2\/pages\/878\/revisions"}],"wp:attachment":[{"href":"https:\/\/www.rathmann-logistik.de\/en\/wp-json\/wp\/v2\/media?parent=878"}],"curies":[{"name":"wp","href":"https:\/\/api.w.org\/{rel}","templated":true}]}}